{"id":4352,"date":"2014-11-18T00:27:53","date_gmt":"2014-11-17T22:27:53","guid":{"rendered":"http:\/\/www.m-momente.de\/blog\/?page_id=4352"},"modified":"2020-12-28T19:42:31","modified_gmt":"2020-12-28T17:42:31","slug":"4352-2","status":"publish","type":"page","link":"http:\/\/www.m-momente.de\/blog\/","title":{"rendered":""},"content":{"rendered":"<h1>Willkommen auf M-Momente<\/h1>\n<p style=\"text-align: left;\">Fotokunst, Momentaufnahmen, Selbstbauten und Workshops. Im Portfolio finden Sie Beispiele meiner Arbeit.<\/p>\n<aside id=\"ak_featured_post_widget-12\" class=\"widget widget_ak_featured_post_widget amr_widget\"><h3 class=\"widget-title\"><a href=\"\">Aktuell im Blog<\/a><\/h3><ul class=\"ak_featured_post_ul\"><a href=\"http:\/\/www.m-momente.de\/blog\/?p=8100\">\n\t\t\t\t\t<li>\n\t\t\t\t\t\t\tBloodmoon Symphones 2024\t\t\t\t\t\t\t<br style=\"clear:both;\" \/>\n\t\t\t\t\t\t\t\t\t\t\t<\/li><\/a>\n\t\t\t\t<a href=\"http:\/\/www.m-momente.de\/blog\/?p=8059\">\n\t\t\t\t\t<li>\n\t\t\t\t\t\t\tMetal up your Life 14\t\t\t\t\t\t\t<br style=\"clear:both;\" \/>\n\t\t\t\t\t\t\t\t\t\t\t<\/li><\/a>\n\t\t\t\t<a href=\"http:\/\/www.m-momente.de\/blog\/?p=7968\">\n\t\t\t\t\t<li>\n\t\t\t\t\t\t\tEPIC METAL NIGHT V\t\t\t\t\t\t\t<br style=\"clear:both;\" \/>\n\t\t\t\t\t\t\t\t\t\t\t<\/li><\/a>\n\t\t\t\t<\/ul><\/aside>\n<p><div class=\"one_fourth\"><img loading=\"lazy\" class=\"aligncenter size-full wp-image-4552\" src=\"http:\/\/www.m-momente.de\/blog\/wp-content\/uploads\/2014\/11\/Konzerte-und-Events.jpg\" alt=\"Konzerte-und-Events\" width=\"200\" height=\"300\" \/>\n<p><\/p><\/div><div class=\"one_fourth\"><strong>Konzert- und Eventfotografie<\/strong>\n<hr \/>\n<p><aside id=\"ak_featured_post_widget-8\" class=\"widget widget_ak_featured_post_widget amr_widget\"><h3 class=\"widget-title\"><a href=\"http:\/\/www.m-momente.de\/blog\/?cat=241\">Letzte Veranstaltungen<\/a><\/h3><ul class=\"ak_featured_post_ul\"><a href=\"http:\/\/www.m-momente.de\/blog\/?p=8100\">\n\t\t\t\t\t<li>\n\t\t\t\t\t\t\tBloodmoon Symphones 2024\t\t\t\t\t\t\t<br style=\"clear:both;\" \/>\n\t\t\t\t\t\t\t\t\t\t\t<\/li><\/a>\n\t\t\t\t<a href=\"http:\/\/www.m-momente.de\/blog\/?p=8059\">\n\t\t\t\t\t<li>\n\t\t\t\t\t\t\tMetal up your Life 14\t\t\t\t\t\t\t<br style=\"clear:both;\" \/>\n\t\t\t\t\t\t\t\t\t\t\t<\/li><\/a>\n\t\t\t\t<a href=\"http:\/\/www.m-momente.de\/blog\/?p=7968\">\n\t\t\t\t\t<li>\n\t\t\t\t\t\t\tEPIC METAL NIGHT V\t\t\t\t\t\t\t<br style=\"clear:both;\" \/>\n\t\t\t\t\t\t\t\t\t\t\t<\/li><\/a>\n\t\t\t\t<\/ul><\/aside> <\/p><\/div><div class=\"one_fourth\"><strong> Personen, Kunst, Produkt und Projekt<br \/>\n<\/strong>\n<hr \/>\n<p><aside id=\"ak_featured_post_widget-9\" class=\"widget widget_ak_featured_post_widget amr_widget\"><h3 class=\"widget-title\"><a href=\"http:\/\/www.m-momente.de\/blog\/?cat=4\">Shootings &#038; Projekte<\/a><\/h3><ul class=\"ak_featured_post_ul\"><a href=\"http:\/\/www.m-momente.de\/blog\/?p=7581\">\n\t\t\t\t\t<li>\n\t\t\t\t\t\t\tProbeshooting 2021\t\t\t\t\t\t\t<br style=\"clear:both;\" \/>\n\t\t\t\t\t\t\t\t\t\t\t<\/li><\/a>\n\t\t\t\t<a href=\"http:\/\/www.m-momente.de\/blog\/?p=7337\">\n\t\t\t\t\t<li>\n\t\t\t\t\t\t\tDas Rind 21.9.2019\t\t\t\t\t\t\t<br style=\"clear:both;\" \/>\n\t\t\t\t\t\t\t\t\t\t\t<\/li><\/a>\n\t\t\t\t<\/ul><\/aside><aside id=\"ak_featured_post_widget-10\" class=\"widget widget_ak_featured_post_widget amr_widget\"><h3 class=\"widget-title\"><a href=\"http:\/\/www.m-momente.de\/blog\/?cat=69\">Hochzeit<\/a><\/h3><ul class=\"ak_featured_post_ul\"><a href=\"http:\/\/www.m-momente.de\/blog\/?p=5887\">\n\t\t\t\t\t<li>\n\t\t\t\t\t\t\tHochzeit Sylvia und Reinhard\t\t\t\t\t\t\t<br style=\"clear:both;\" \/>\n\t\t\t\t\t\t\t\t\t\t\t<\/li><\/a>\n\t\t\t\t<\/ul><\/aside> <\/p><\/div><div class=\"one_fourth_last\"><img loading=\"lazy\" class=\"aligncenter size-full wp-image-4553\" src=\"http:\/\/www.m-momente.de\/blog\/wp-content\/uploads\/2014\/11\/Im-Toor-web-kl.jpg\" alt=\"Im-Toor-web-kl\" width=\"200\" height=\"300\" \/>\n<p><\/p><\/div><div class=\"clear\"><\/div><\/p>\n<p>Da es in der Fotografie oft um das individuelle Bild geht sind im Bereich Fotoequipment L\u00f6sungen von der Stange nicht immer das Beste. Die kleinen Helfer im Bereich Fotografie stelle ich in unregelm\u00e4\u00dfigen Abst\u00e4nden im Blogbereich vor.<\/p>\n<p><div class=\"one_fourth\"> <aside id=\"ak_featured_post_widget-13\" class=\"widget widget_ak_featured_post_widget amr_widget\"><h3 class=\"widget-title\"><a href=\"http:\/\/www.m-momente.de\/blog\/?cat=3\">DIY &#8211; Equipment<\/a><\/h3><ul class=\"ak_featured_post_ul\"><a href=\"http:\/\/www.m-momente.de\/blog\/?p=5127\">\n\t\t\t\t\t<li>\n\t\t\t\t\t\t\tHintergrundkarton beschweren\t\t\t\t\t\t\t<br style=\"clear:both;\" \/>\n\t\t\t\t\t\t\t\t\t\t\t<\/li><\/a>\n\t\t\t\t<a href=\"http:\/\/www.m-momente.de\/blog\/?p=4948\">\n\t\t\t\t\t<li>\n\t\t\t\t\t\t\tAluverbundplatte freischwebend aufh\u00e4ngen\t\t\t\t\t\t\t<br style=\"clear:both;\" \/>\n\t\t\t\t\t\t\t\t\t\t\t<\/li><\/a>\n\t\t\t\t<\/ul><\/aside>\n<p><\/p><\/div><div class=\"one_fourth\">\n<p><img loading=\"lazy\" class=\"aligncenter size-full wp-image-4546\" src=\"http:\/\/www.m-momente.de\/blog\/wp-content\/uploads\/2014\/11\/Para-Winkel.jpg\" alt=\"Para Winkel\" width=\"200\" height=\"133\" \/><\/p>\n<p><\/p><\/div><div class=\"one_fourth\">\n<p><img loading=\"lazy\" class=\"aligncenter size-full wp-image-4544\" src=\"http:\/\/www.m-momente.de\/blog\/wp-content\/uploads\/2014\/11\/Arca-Teletragegriff-Web-kl1.jpg\" alt=\"Arca-Teletragegriff-Web-kl\" width=\"200\" height=\"133\" \/><\/p>\n<p><\/p><\/div><div class=\"one_fourth_last\">\n<p><img loading=\"lazy\" class=\"aligncenter size-full wp-image-4545\" src=\"http:\/\/www.m-momente.de\/blog\/wp-content\/uploads\/2014\/11\/Elinchrom-Ranger-Lithium-Akku-verkabelung.jpg\" alt=\"Elinchrom-Ranger-Lithium-Akku-verkabelung\" width=\"200\" height=\"133\" \/><\/p>\n<p><\/p><\/div><div class=\"clear\"><\/div><\/p>\n","protected":false},"excerpt":{"rendered":"<p>Willkommen auf M-Momente Fotokunst, Momentaufnahmen, Selbstbauten und Workshops. Im Portfolio finden Sie Beispiele meiner Arbeit. Da es in der Fotografie oft um das individuelle Bild geht sind im Bereich Fotoequipment L\u00f6sungen von der Stange nicht immer das Beste. Die kleinen &hellip; <a href=\"http:\/\/www.m-momente.de\/blog\/\">Weiterlesen <span class=\"meta-nav\">&rarr;<\/span><\/a><\/p>\n","protected":false},"author":2,"featured_media":0,"parent":0,"menu_order":1,"comment_status":"closed","ping_status":"open","template":"","meta":[],"_links":{"self":[{"href":"http:\/\/www.m-momente.de\/blog\/index.php?rest_route=\/wp\/v2\/pages\/4352"}],"collection":[{"href":"http:\/\/www.m-momente.de\/blog\/index.php?rest_route=\/wp\/v2\/pages"}],"about":[{"href":"http:\/\/www.m-momente.de\/blog\/index.php?rest_route=\/wp\/v2\/types\/page"}],"author":[{"embeddable":true,"href":"http:\/\/www.m-momente.de\/blog\/index.php?rest_route=\/wp\/v2\/users\/2"}],"replies":[{"embeddable":true,"href":"http:\/\/www.m-momente.de\/blog\/index.php?rest_route=%2Fwp%2Fv2%2Fcomments&post=4352"}],"version-history":[{"count":1,"href":"http:\/\/www.m-momente.de\/blog\/index.php?rest_route=\/wp\/v2\/pages\/4352\/revisions"}],"predecessor-version":[{"id":7576,"href":"http:\/\/www.m-momente.de\/blog\/index.php?rest_route=\/wp\/v2\/pages\/4352\/revisions\/7576"}],"wp:attachment":[{"href":"http:\/\/www.m-momente.de\/blog\/index.php?rest_route=%2Fwp%2Fv2%2Fmedia&parent=4352"}],"curies":[{"name":"wp","href":"https:\/\/api.w.org\/{rel}","templated":true}]}}